{"id":493,"date":"2018-10-15T20:43:14","date_gmt":"2018-10-15T20:43:14","guid":{"rendered":"http:\/\/wordpress-89239-751427.cloudwaysapps.com\/?page_id=493"},"modified":"2021-11-17T08:41:05","modified_gmt":"2021-11-17T08:41:05","slug":"homepage-2","status":"publish","type":"page","link":"https:\/\/jp-houses.com\/pt\/","title":{"rendered":"Homepage"},"content":{"rendered":"<p>[vc_row][vc_column]<div style=\"clear:both; width:100%; height:50px\"><\/div>\t\t<div class=\"homey-module module-title section-title-module text-center \">\r\n\t\t\t<h2 >Alojamentos em destaque<\/h2>\r\n\r\n\t\t\t<p style=\"font-size: 15px; \" class=\"sub-heading\">Da vasta oferta de alojamentos fa\u00e7a a sua escolha e sinta-se em casa!<\/p>\r\n\t\t<\/div>\r\n\t\t<div style=\"clear:both; width:100%; height:30px\"><\/div>\r\n\t\t<div class=\"module-wrap property-module-grid listing-carousel-next-prev-xfmFa property-module-grid-slider property-module-grid-slider-3cols\">\r\n\t\t\t<div class=\"listing-wrap item-grid-view\">\r\n\t\t\t\t<div class=\"row\">\r\n\t\t\t\t\t<div id=\"homey-listing-carousel-xfmFa\" data-token=\"xfmFa\" class=\"homey-carousel homey-carouse-elementor item-grid-slider-view item-grid-slider-view-3cols\">\r\n\t\t\t\t\t\t<div class=\"item-wrap infobox_trigger homey-matchHeight\"  data-id=\"18690\">\n    <div class=\"media property-item\">\n        <div class=\"media-left\">\n            <div class=\"item-media item-media-thumb\">\n                \n                \n                <a class=\"hover-effect\" href=\"https:\/\/jp-houses.com\/pt\/listing\/ofir-white-house\/\">\n                <img width=\"450\" height=\"300\" src=\"https:\/\/jp-houses.com\/wp-content\/uploads\/2024\/11\/ed55bc7d6ab1-450x300.jpg\" class=\"img-responsive wp-post-image\" alt=\"7446\" loading=\"lazy\" srcset=\"https:\/\/jp-houses.com\/wp-content\/uploads\/2024\/11\/ed55bc7d6ab1-450x300.jpg 450w, https:\/\/jp-houses.com\/wp-content\/uploads\/2024\/11\/ed55bc7d6ab1-300x200.jpg 300w, https:\/\/jp-houses.com\/wp-content\/uploads\/2024\/11\/ed55bc7d6ab1-768x512.jpg 768w, https:\/\/jp-houses.com\/wp-content\/uploads\/2024\/11\/ed55bc7d6ab1-120x80.jpg 120w, https:\/\/jp-houses.com\/wp-content\/uploads\/2024\/11\/ed55bc7d6ab1-750x500.jpg 750w, https:\/\/jp-houses.com\/wp-content\/uploads\/2024\/11\/ed55bc7d6ab1.jpg 800w\" sizes=\"(max-width: 450px) 100vw, 450px\" \/>                <\/a>\n\n                \n                                <div class=\"item-user-image\">\n                    <img src=\"https:\/\/jp-houses.com\/wp-content\/themes\/homey\/images\/avatar.png\" class=\"img-responsive img-circle\" alt=\"admin\" width=\"36\" height=\"36\">                <\/div>\n                            <\/div>\n        <\/div>\n        <div class=\"media-body item-body clearfix\">\n            <div class=\"item-title-head table-block\">\n                <div class=\"title-head-left\">\n                    <h2 class=\"title\"><a href=\"https:\/\/jp-houses.com\/pt\/listing\/ofir-white-house\/\">\n                    Ofir White House<\/a><\/h2>\n                                    <\/div>\n            <\/div>\n\n                        <ul class=\"item-amenities\">\n                \n                \n                \n                \n                                <li class=\"item-type\">\n                    <span class=\"carousel-item-tipology\">Tipologia:<\/span>\n                    Apartamento<\/li>\n                            <\/ul>\n            \n                        <div class=\"item-user-image list-item-hidden\">\n                    <img src=\"https:\/\/jp-houses.com\/wp-content\/themes\/homey\/images\/avatar.png\" class=\"img-responsive img-circle\" alt=\"admin\" width=\"36\" height=\"36\">                    <span class=\"item-user-info\">Hosted by<br>\n                    admin<\/span>\n            <\/div>\n            \n            <div class=\"item-footer\">\n\n                                <div class=\"footer-right\">\n                    <div class=\"item-tools\">\n                        <div class=\"btn-group dropup\">\n                            <button class=\"btn-item-tools dropdown-toggle\" type=\"button\" data-toggle=\"dropdown\" aria-haspopup=\"true\" aria-expanded=\"false\"><i class=\"fa fa-ellipsis-v\" aria-hidden=\"true\"><\/i><\/button>\n<ul class=\"dropdown-menu\">\n    <li>\n    \t<a class=\"homey_compare compare-18690\" href=\"\" data-listing_id=\"18690\">Compare<\/a>\n    <\/li>\n    <li>\n    \t<a href=\"\" class=\"add_fav\" data-listid=\"18690\">\n    \t\tAdd to Favorite    \t<\/a>\n    <\/li>\n<\/ul>                        <\/div>\n                    <\/div>\n                <\/div>\n                \n                \n            <\/div>\n        <\/div>\n    <\/div>\n<\/div><!-- .item-wrap --><div class=\"item-wrap infobox_trigger homey-matchHeight\"  data-id=\"2715\">\n    <div class=\"media property-item\">\n        <div class=\"media-left\">\n            <div class=\"item-media item-media-thumb\">\n                \n                \n                <a class=\"hover-effect\" href=\"https:\/\/jp-houses.com\/pt\/listing\/porto-santo-blue-house\/\">\n                <img width=\"450\" height=\"300\" src=\"https:\/\/jp-houses.com\/wp-content\/uploads\/2022\/06\/23f0a57d0de2-450x300.jpg\" class=\"img-responsive wp-post-image\" alt=\"12120\" loading=\"lazy\" srcset=\"https:\/\/jp-houses.com\/wp-content\/uploads\/2022\/06\/23f0a57d0de2-450x300.jpg 450w, https:\/\/jp-houses.com\/wp-content\/uploads\/2022\/06\/23f0a57d0de2-300x200.jpg 300w, https:\/\/jp-houses.com\/wp-content\/uploads\/2022\/06\/23f0a57d0de2-768x511.jpg 768w, https:\/\/jp-houses.com\/wp-content\/uploads\/2022\/06\/23f0a57d0de2-120x80.jpg 120w, https:\/\/jp-houses.com\/wp-content\/uploads\/2022\/06\/23f0a57d0de2-752x500.jpg 752w, https:\/\/jp-houses.com\/wp-content\/uploads\/2022\/06\/23f0a57d0de2.jpg 1000w\" sizes=\"(max-width: 450px) 100vw, 450px\" \/>                <\/a>\n\n                \n                                <div class=\"item-user-image\">\n                    <img src=\"https:\/\/jp-houses.com\/wp-content\/themes\/homey\/images\/avatar.png\" class=\"img-responsive img-circle\" alt=\"admin\" width=\"36\" height=\"36\">                <\/div>\n                            <\/div>\n        <\/div>\n        <div class=\"media-body item-body clearfix\">\n            <div class=\"item-title-head table-block\">\n                <div class=\"title-head-left\">\n                    <h2 class=\"title\"><a href=\"https:\/\/jp-houses.com\/pt\/listing\/porto-santo-blue-house\/\">\n                    Porto Santo Blue House<\/a><\/h2>\n                                    <\/div>\n            <\/div>\n\n                        <ul class=\"item-amenities\">\n                \n                \n                \n                \n                                <li class=\"item-type\">\n                    <span class=\"carousel-item-tipology\">Tipologia:<\/span>\n                    Apartamento<\/li>\n                            <\/ul>\n            \n                        <div class=\"item-user-image list-item-hidden\">\n                    <img src=\"https:\/\/jp-houses.com\/wp-content\/themes\/homey\/images\/avatar.png\" class=\"img-responsive img-circle\" alt=\"admin\" width=\"36\" height=\"36\">                    <span class=\"item-user-info\">Hosted by<br>\n                    admin<\/span>\n            <\/div>\n            \n            <div class=\"item-footer\">\n\n                                <div class=\"footer-right\">\n                    <div class=\"item-tools\">\n                        <div class=\"btn-group dropup\">\n                            <button class=\"btn-item-tools dropdown-toggle\" type=\"button\" data-toggle=\"dropdown\" aria-haspopup=\"true\" aria-expanded=\"false\"><i class=\"fa fa-ellipsis-v\" aria-hidden=\"true\"><\/i><\/button>\n<ul class=\"dropdown-menu\">\n    <li>\n    \t<a class=\"homey_compare compare-2715\" href=\"\" data-listing_id=\"2715\">Compare<\/a>\n    <\/li>\n    <li>\n    \t<a href=\"\" class=\"add_fav\" data-listid=\"2715\">\n    \t\tAdd to Favorite    \t<\/a>\n    <\/li>\n<\/ul>                        <\/div>\n                    <\/div>\n                <\/div>\n                \n                \n            <\/div>\n        <\/div>\n    <\/div>\n<\/div><!-- .item-wrap -->\t\t\t\t\t<\/div>\r\n\t\t\t\t<\/div>\r\n\t\t\t<\/div><!-- grid-listing-page -->\r\n\t\t<\/div>\r\n\t\t\r\n\t\t<div style=\"clear:both; width:100%; height:30px\"><\/div>[\/vc_column][\/vc_row][vc_row][vc_column]\t\t<div class=\"homey-module module-title section-title-module text-center \">\r\n\t\t\t<h2 >JP Houses<\/h2>\r\n\r\n\t\t\t<p  class=\"sub-heading\">Sobre n\u00f3s<\/p>\r\n\t\t<\/div>\r\n\t\t[vc_row_inner][vc_column_inner width=&#8221;1\/2&#8243;][vc_column_text css_animation=&#8221;bounceInLeft&#8221;]<\/p>\n<p class=\"p1\"><span class=\"s1\">Seja Bem Vindo ao\u00a0<b>JP Houses<\/b>. Convidamo-lo a conhecer os nossos tr\u00eas alojamentos com todas as suas comodidades, pensados e concebidos para lhe proporcionar momentos verdadeiramente inesquec\u00edveis. Localizadas na primeira linha da praia de Ofir &#8211; Esposende, entre pinhais e o Rio C\u00e1vado, o\u00a0<b>Ofir White House<\/b>\u00a0e o\u00a0<b>Ofir Gold House<\/b>, apresentam-se como espa\u00e7os singulares, onde poder\u00e1 contemplar o p\u00f4r do sol.<\/span><\/p>\n<p class=\"p1\"><span class=\"s1\">A terceira unidade, o\u00a0<b>Porto Santo Blue House<\/b>, situada na ilha de Porto Santo &#8211; Madeira, com a sua praia de areia fina e dourada que possui propriedades terap\u00eauticas raras, e que se estende ao longo de 9 km, convida a muitos banhos de sol e de mar nas suas \u00e1guas turquesas, que nos meses de ver\u00e3o a temperatura m\u00e9dia situa-se entre 24\u00baC e 25\u00baC.<\/span><\/p>\n<p class=\"p2\" style=\"text-align: center;\"><span class=\"s1\"><b>Venha conhecer-nos!<\/b><\/span><\/p>\n<p>[\/vc_column_text][\/vc_column_inner][vc_column_inner width=&#8221;1\/2&#8243;][vc_images_carousel images=&#8221;2830,18538,18540,18548,18551,18567,18586,18592&#8243; img_size=&#8221;full&#8221; autoplay=&#8221;yes&#8221; wrap=&#8221;yes&#8221;][\/vc_column_inner][\/vc_row_inner][vc_empty_space height=&#8221;50px&#8221;][\/vc_column][\/vc_row][vc_row full_width=&#8221;stretch_row&#8221; css=&#8221;.vc_custom_1540225486937{background-color: #f1f2f3 !important;}&#8221;][vc_column css_animation=&#8221;bounceInUp&#8221; css=&#8221;.vc_custom_1613674775311{background-color: #f9f9f9 !important;}&#8221;]<div style=\"clear:both; width:100%; height:50px\"><\/div>\t\t<div class=\"homey-module module-title section-title-module text-center \">\r\n\t\t\t<h2 >Escolha o seu destino<\/h2>\r\n\r\n\t\t\t<p  class=\"sub-heading\"><\/p>\r\n\t\t<\/div>\r\n\t\t<div style=\"clear:both; width:100%; height:30px\"><\/div>\r\n\t\t<div class=\"module-wrap taxonomy-grid taxonomy-grid-1\">\r\n\t\t\t<div class=\"row\">\r\n\t\t\t\t\t\t\t\t\r\n\t\t\t<\/div>\r\n\t\t<\/div>\r\n\t\t\r\n\t\t[vc_btn title=&#8221;Conhe\u00e7a todos os nossos alojamentos&#8221; color=&#8221;inverse&#8221; size=&#8221;sm&#8221; align=&#8221;center&#8221; button_block=&#8221;true&#8221; el_class=&#8221;.btn&#8221; css=&#8221;.vc_custom_1629113541751{margin-top: -30px !important;}&#8221; link=&#8221;url:https%3A%2F%2Fjp-houses.com%2Fhalf-map%2F|title:Half%20Map&#8221;]<div style=\"clear:both; width:100%; height:80px\"><\/div>[\/vc_column][\/vc_row][vc_row disable_element=&#8221;yes&#8221;][vc_column]\t\t<div class=\"homey-module module-title section-title-module text-center homey-section-title-light\">\r\n\t\t\t<h2 >Campanhas Promocionais<\/h2>\r\n\r\n\t\t\t<p style=\"font-size: 15px; \" class=\"sub-heading\">Reserve directamente connosco e beneficie do melhor pre\u00e7o. Temos v\u00e1rias campanhas em vigor que oferecem descontos consoante a anteced\u00eancia ou dura\u00e7\u00e3o da estadia.<\/p>\r\n\t\t<\/div>\r\n\t\t[vc_row_inner equal_height=&#8221;yes&#8221;][vc_column_inner el_class=&#8221;promo-ynnov&#8221; width=&#8221;1\/3&#8243;]\t\t<div class=\"item-promo\">\r\n\t\t\t<div class=\"media\">\r\n\t\t\t\t\t\t\t\t<div class=\"item-promo-image\">\r\n\t\t\t\t\t<div class=\"item-media item-media-thumb\">\r\n\t\t\t\t\t\t<a href=\"https:\/\/app.ynnovbooking.com\/booking\/?l=en&#038;apikey=YNBv1zTkBhakvBVFUfgSpL1N0hjML4Fc\">\r\n\t\t\t\t\t\t\t<img width=\"1\" height=\"1\" src=\"https:\/\/jp-houses.com\/wp-content\/uploads\/2021\/02\/icon_tags.svg\" class=\"img-responsive\" alt=\"\" loading=\"lazy\" \/>\t\t\t\t\t\t<\/a>\r\n\t\t\t\t\t<\/div>\r\n\t\t\t\t<\/div>\r\n\t\t\t\t\t\t\t\t<div class=\"media-body item-body\">\r\n\t\t\t\t\t<div class=\"item-title-head\">\r\n\t\t\t\t\t\t<div class=\"text-left\">\r\n\t\t\t\t\t\t\t<h2 class=\"title\">\r\n\t\t\t\t\t\t\t\t<a href=\"https:\/\/app.ynnovbooking.com\/booking\/?l=en&#038;apikey=YNBv1zTkBhakvBVFUfgSpL1N0hjML4Fc\">Reserva Antecipada<\/a>\r\n\t\t\t\t\t\t\t<\/h2>\r\n\t\t\t\t\t\t\tPara reservas efetuadas com anteced\u00eancia m\u00ednima de 4 semanas usufrua de 5% no valor total da estadia.\t\t\t\t\t\t<\/div>\r\n\t\t\t\t\t<\/div>\r\n\t\t\t\t\t\t\t\t\t\t<div class=\"item-promo-footer\">\r\n\t\t\t\t\t\t<a href=\"https:\/\/app.ynnovbooking.com\/booking\/?l=en&#038;apikey=YNBv1zTkBhakvBVFUfgSpL1N0hjML4Fc\">Reservar<\/a>\r\n\t\t\t\t\t<\/div>\r\n\t\t\t\t\t\t\t\t\t<\/div>\r\n\t\t\t<\/div>\r\n\t\t<\/div>\r\n\r\n\t\t[\/vc_column_inner][vc_column_inner el_class=&#8221;promo-ynnov&#8221; width=&#8221;1\/3&#8243;]\t\t<div class=\"item-promo\">\r\n\t\t\t<div class=\"media\">\r\n\t\t\t\t\t\t\t\t<div class=\"item-promo-image\">\r\n\t\t\t\t\t<div class=\"item-media item-media-thumb\">\r\n\t\t\t\t\t\t<a href=\"https:\/\/app.ynnovbooking.com\/booking\/?l=en&#038;apikey=YNBv1zTkBhakvBVFUfgSpL1N0hjML4Fc\">\r\n\t\t\t\t\t\t\t<img width=\"1\" height=\"1\" src=\"https:\/\/jp-houses.com\/wp-content\/uploads\/2021\/02\/icon_tags.svg\" class=\"img-responsive\" alt=\"\" loading=\"lazy\" \/>\t\t\t\t\t\t<\/a>\r\n\t\t\t\t\t<\/div>\r\n\t\t\t\t<\/div>\r\n\t\t\t\t\t\t\t\t<div class=\"media-body item-body\">\r\n\t\t\t\t\t<div class=\"item-title-head\">\r\n\t\t\t\t\t\t<div class=\"text-left\">\r\n\t\t\t\t\t\t\t<h2 class=\"title\">\r\n\t\t\t\t\t\t\t\t<a href=\"https:\/\/app.ynnovbooking.com\/booking\/?l=en&#038;apikey=YNBv1zTkBhakvBVFUfgSpL1N0hjML4Fc\">Reserva de \u00daltima Hora<\/a>\r\n\t\t\t\t\t\t\t<\/h2>\r\n\t\t\t\t\t\t\t<\/p>\n<div data-pm-slice=\"1 1 []\" data-en-clipboard=\"true\">Aproveite o desconto de \u00faltima hora oferecido para reservas efetuadas no pr\u00f3prio dia.<\/div>\n<p>\t\t\t\t\t\t<\/div>\r\n\t\t\t\t\t<\/div>\r\n\t\t\t\t\t\t\t\t\t\t<div class=\"item-promo-footer\">\r\n\t\t\t\t\t\t<a href=\"https:\/\/app.ynnovbooking.com\/booking\/?l=en&#038;apikey=YNBv1zTkBhakvBVFUfgSpL1N0hjML4Fc\">Reservar<\/a>\r\n\t\t\t\t\t<\/div>\r\n\t\t\t\t\t\t\t\t\t<\/div>\r\n\t\t\t<\/div>\r\n\t\t<\/div>\r\n\r\n\t\t[\/vc_column_inner][vc_column_inner el_class=&#8221;promo-ynnov&#8221; width=&#8221;1\/3&#8243;]\t\t<div class=\"item-promo\">\r\n\t\t\t<div class=\"media\">\r\n\t\t\t\t\t\t\t\t<div class=\"item-promo-image\">\r\n\t\t\t\t\t<div class=\"item-media item-media-thumb\">\r\n\t\t\t\t\t\t<a href=\"https:\/\/app.ynnovbooking.com\/booking\/?l=en&#038;apikey=YNBv1zTkBhakvBVFUfgSpL1N0hjML4Fc\">\r\n\t\t\t\t\t\t\t<img width=\"1\" height=\"1\" src=\"https:\/\/jp-houses.com\/wp-content\/uploads\/2021\/02\/icon_tags.svg\" class=\"img-responsive\" alt=\"\" loading=\"lazy\" \/>\t\t\t\t\t\t<\/a>\r\n\t\t\t\t\t<\/div>\r\n\t\t\t\t<\/div>\r\n\t\t\t\t\t\t\t\t<div class=\"media-body item-body\">\r\n\t\t\t\t\t<div class=\"item-title-head\">\r\n\t\t\t\t\t\t<div class=\"text-left\">\r\n\t\t\t\t\t\t\t<h2 class=\"title\">\r\n\t\t\t\t\t\t\t\t<a href=\"https:\/\/app.ynnovbooking.com\/booking\/?l=en&#038;apikey=YNBv1zTkBhakvBVFUfgSpL1N0hjML4Fc\">Estadias Longas<\/a>\r\n\t\t\t\t\t\t\t<\/h2>\r\n\t\t\t\t\t\t\t<\/p>\n<div data-pm-slice=\"1 1 []\" data-en-clipboard=\"true\">Em estadias que contemplam um m\u00ednimo de 7 noites usufrua de 1o% de desconto no total da estadia.<\/div>\n<p>\t\t\t\t\t\t<\/div>\r\n\t\t\t\t\t<\/div>\r\n\t\t\t\t\t\t\t\t\t\t<div class=\"item-promo-footer\">\r\n\t\t\t\t\t\t<a href=\"https:\/\/app.ynnovbooking.com\/booking\/?l=en&#038;apikey=YNBv1zTkBhakvBVFUfgSpL1N0hjML4Fc\">Reservar<\/a>\r\n\t\t\t\t\t<\/div>\r\n\t\t\t\t\t\t\t\t\t<\/div>\r\n\t\t\t<\/div>\r\n\t\t<\/div>\r\n\r\n\t\t[\/vc_column_inner][\/vc_row_inner][\/vc_column][\/vc_row][vc_row full_width=&#8221;stretch_row&#8221; disable_element=&#8221;yes&#8221; css=&#8221;.vc_custom_1629113228589{background-color: #ffffff !important;}&#8221;][vc_column]<div style=\"clear:both; width:100%; height:50px\"><\/div>\t\t<div class=\"homey-module module-title section-title-module text-center \">\r\n\t\t\t<h2 >O Que dizem os nossos h\u00f3spedes<\/h2>\r\n\r\n\t\t\t<p style=\"font-size: 15px; \" class=\"sub-heading\">A nossa melhor recompensa \u00e9 a satisfa\u00e7\u00e3o dos nossos h\u00f3spedes<\/p>\r\n\t\t<\/div>\r\n\t\t<div style=\"clear:both; width:100%; height:30px\"><\/div>\n        <!--start testimonials module-->\n        \n                        <script>\n                jQuery(document).ready(function ($) {\n\n                    $('.testimonials-slider').slick({\n                        rtl: false,\n                        lazyLoad: 'ondemand',\n                        infinite: true,\n                        speed: 300,\n                        slidesToShow: 4,\n                        arrows: true,\n                        adaptiveHeight: true,\n                        dots: true,\n                        appendArrows: '.testimonials-module-slider',\n                        prevArrow: '<button type=\"button\" class=\"slick-prev\">Anterior<\/button>',\n                        nextArrow: '<button type=\"button\" class=\"slick-next\">Seguinte<\/button>',\n                        responsive: [\n                        {\n                            breakpoint: 992,\n                            settings: {\n                                slidesToShow: 2,\n                                slidesToScroll: 2\n                            }\n                        },\n                        {\n                            breakpoint: 769,\n                            settings: {\n                                slidesToShow: 1,\n                                slidesToScroll: 1\n                            }\n                        }]\n                    });\n\n                });\n            <\/script>\n\n            <div class=\"module-wrap testimonials-module testimonials-module-slider\">\n                <div class=\"testimonials-slider-wrap\">\n                    <div class=\"row\">\n                        <div class=\"testimonials-slider\">\n                            <div class=\"testimonial-item text-center\"><p class=\"description\">Lorem ipsum dolor sit amet, consectetur adipiscing elit. Integer eu mollis eros. Lorem ipsum dolor sit amet, consectetur adipiscing elit. Integer eu mollis eros.\r\nLorem ipsum dolor sit amet, consectetur adipiscing elit. Integer eu mollis eros.<\/p><div class=\"testimonial-thumb\"><img width=\"120\" height=\"120\" src=\"https:\/\/jp-houses.com\/wp-content\/uploads\/2021\/02\/17dcf4ba715b51b8c23baeb707c38ad7-150x150.png\" class=\"img-circle img-responsive\" alt=\"\" loading=\"lazy\" srcset=\"https:\/\/jp-houses.com\/wp-content\/uploads\/2021\/02\/17dcf4ba715b51b8c23baeb707c38ad7-150x150.png 150w, https:\/\/jp-houses.com\/wp-content\/uploads\/2021\/02\/17dcf4ba715b51b8c23baeb707c38ad7-300x300.png 300w, https:\/\/jp-houses.com\/wp-content\/uploads\/2021\/02\/17dcf4ba715b51b8c23baeb707c38ad7-250x250.png 250w, https:\/\/jp-houses.com\/wp-content\/uploads\/2021\/02\/17dcf4ba715b51b8c23baeb707c38ad7.png 768w, https:\/\/jp-houses.com\/wp-content\/uploads\/2021\/02\/17dcf4ba715b51b8c23baeb707c38ad7-500x500.png 500w, https:\/\/jp-houses.com\/wp-content\/uploads\/2021\/02\/17dcf4ba715b51b8c23baeb707c38ad7-360x360.png 360w\" sizes=\"(max-width: 120px) 100vw, 120px\" \/><\/div><p class=\"auther-info\"><strong>Ricardo Santos<\/strong><br><em>Brasil, Booking<\/em><\/p><\/div><div class=\"testimonial-item text-center\"><p class=\"description\">Lorem ipsum dolor sit amet, consectetur adipiscing elit. Integer eu mollis eros. Lorem ipsum dolor sit amet, consectetur adipiscing elit. Integer eu mollis eros.<\/p><div class=\"testimonial-thumb\"><img width=\"117\" height=\"120\" src=\"https:\/\/jp-houses.com\/wp-content\/uploads\/2021\/02\/download-146x150.png\" class=\"img-circle img-responsive\" alt=\"\" loading=\"lazy\" \/><\/div><p class=\"auther-info\"><strong>Mariana Antunes <\/strong><br><em>Portugal, Airbnb<\/em><\/p><\/div><div class=\"testimonial-item text-center\"><p class=\"description\">Lorem ipsum dolor sit amet, consectetur adipiscing elit. Integer eu mollis eros. Lorem ipsum dolor sit amet, consectetur adipiscing elit. Integer eu mollis eros.\r\nLorem ipsum dolor sit amet, consectetur adipiscing elit. Integer eu mollis eros.<\/p><div class=\"testimonial-thumb\"><img width=\"120\" height=\"120\" src=\"https:\/\/jp-houses.com\/wp-content\/uploads\/2021\/02\/expedia-150x150.png\" class=\"img-circle img-responsive\" alt=\"\" loading=\"lazy\" srcset=\"https:\/\/jp-houses.com\/wp-content\/uploads\/2021\/02\/expedia-150x150.png 150w, https:\/\/jp-houses.com\/wp-content\/uploads\/2021\/02\/expedia-300x300.png 300w, https:\/\/jp-houses.com\/wp-content\/uploads\/2021\/02\/expedia-768x768.png 768w, https:\/\/jp-houses.com\/wp-content\/uploads\/2021\/02\/expedia-250x250.png 250w, https:\/\/jp-houses.com\/wp-content\/uploads\/2021\/02\/expedia-500x500.png 500w, https:\/\/jp-houses.com\/wp-content\/uploads\/2021\/02\/expedia-360x360.png 360w, https:\/\/jp-houses.com\/wp-content\/uploads\/2021\/02\/expedia.png 920w\" sizes=\"(max-width: 120px) 100vw, 120px\" \/><\/div><p class=\"auther-info\"><strong>Michelle Wright<\/strong><br><em>Irlanda, Expedia<\/em><\/p><\/div><div class=\"testimonial-item text-center\"><p class=\"description\">Lorem ipsum dolor sit amet, consectetur adipiscing elit. Integer eu mollis eros. Lorem ipsum dolor sit amet, consectetur adipiscing elit. Integer eu mollis eros.\r\nLorem ipsum dolor sit amet, consectetur adipiscing elit. Integer eu mollis eros.<\/p><div class=\"testimonial-thumb\"><img width=\"117\" height=\"120\" src=\"https:\/\/jp-houses.com\/wp-content\/uploads\/2021\/02\/download-146x150.png\" class=\"img-circle img-responsive\" alt=\"\" loading=\"lazy\" \/><\/div><p class=\"auther-info\"><strong>Anna Andrews<\/strong><br><em>Estados Unidos, Airbnb<\/em><\/p><\/div><div class=\"testimonial-item text-center\"><p class=\"description\">Lorem ipsum dolor sit amet, consectetur adipiscing elit. Integer eu mollis eros. Lorem ipsum dolor sit amet, consectetur adipiscing elit. Integer eu mollis eros.<\/p><div class=\"testimonial-thumb\"><img width=\"117\" height=\"120\" src=\"https:\/\/jp-houses.com\/wp-content\/uploads\/2021\/02\/download-146x150.png\" class=\"img-circle img-responsive\" alt=\"\" loading=\"lazy\" \/><\/div><p class=\"auther-info\"><strong>Diana Gomes<\/strong><br><em>Portugal, Airbnb<\/em><\/p><\/div><div class=\"testimonial-item text-center\"><p class=\"description\">Lorem ipsum dolor sit amet, adipiscing elit. Proin facilisis neque. Integer eu mollis. <\/p><div class=\"testimonial-thumb\"><img width=\"120\" height=\"120\" src=\"https:\/\/jp-houses.com\/wp-content\/uploads\/2021\/02\/17dcf4ba715b51b8c23baeb707c38ad7-150x150.png\" class=\"img-circle img-responsive\" alt=\"\" loading=\"lazy\" srcset=\"https:\/\/jp-houses.com\/wp-content\/uploads\/2021\/02\/17dcf4ba715b51b8c23baeb707c38ad7-150x150.png 150w, https:\/\/jp-houses.com\/wp-content\/uploads\/2021\/02\/17dcf4ba715b51b8c23baeb707c38ad7-300x300.png 300w, https:\/\/jp-houses.com\/wp-content\/uploads\/2021\/02\/17dcf4ba715b51b8c23baeb707c38ad7-250x250.png 250w, https:\/\/jp-houses.com\/wp-content\/uploads\/2021\/02\/17dcf4ba715b51b8c23baeb707c38ad7.png 768w, https:\/\/jp-houses.com\/wp-content\/uploads\/2021\/02\/17dcf4ba715b51b8c23baeb707c38ad7-500x500.png 500w, https:\/\/jp-houses.com\/wp-content\/uploads\/2021\/02\/17dcf4ba715b51b8c23baeb707c38ad7-360x360.png 360w\" sizes=\"(max-width: 120px) 100vw, 120px\" \/><\/div><p class=\"auther-info\"><strong>Harold Warren<\/strong><br><em>Australia, Booking<\/em><\/p><\/div><div class=\"testimonial-item text-center\"><p class=\"description\">Lorem ipsum dolor sit amet, consectetur adipiscing elit. Integer eu mollis eros. Lorem ipsum dolor sit amet, consectetur adipiscing elit. Integer eu mollis eros.\r\nLorem ipsum dolor sit amet, consectetur adipiscing elit. Integer eu mollis eros.<\/p><div class=\"testimonial-thumb\"><img width=\"117\" height=\"120\" src=\"https:\/\/jp-houses.com\/wp-content\/uploads\/2021\/02\/download-146x150.png\" class=\"img-circle img-responsive\" alt=\"\" loading=\"lazy\" \/><\/div><p class=\"auther-info\"><strong>Georgiana Kasparov<\/strong><br><em>R\u00fassia, Airbnb<\/em><\/p><\/div>                        <\/div>\n                    <\/div>\n                <\/div>\n            <\/div>\n\n                <!--end post testimonials module-->\n\n\n        [\/vc_column][\/vc_row][vc_row full_width=&#8221;stretch_row_content_no_spaces&#8221; disable_element=&#8221;yes&#8221;][vc_column][vc_gmaps link=&#8221;#E-8_JTNDaWZyYW1lJTIwc3JjJTNEJTIyaHR0cHMlM0ElMkYlMkZ3d3cuZ29vZ2xlLmNvbSUyRm1hcHMlMkZkJTJGZW1iZWQlM0ZtaWQlM0QxNml1cTZKVVluMFBHSk5oaUZWTmFreEhRSlpqODFmVlolMjIlMjB3aWR0aCUzRCUyMjY0MCUyMiUyMGhlaWdodCUzRCUyMjYwMCUyMiUzRSUzQyUyRmlmcmFtZSUzRQ==&#8221;][\/vc_column][\/vc_row]<\/p>","protected":false},"excerpt":{"rendered":"<p>[vc_row][vc_column][\/vc_column][\/vc_row][vc_row][vc_column][vc_row_inner][vc_column_inner width=&#8221;1\/2&#8243;][vc_column_text css_animation=&#8221;bounceInLeft&#8221;] Seja Bem Vindo ao\u00a0JP Houses. Convidamo-lo a conhecer os nossos tr\u00eas alojamentos com todas as suas comodidades, pensados e concebidos para lhe proporcionar momentos verdadeiramente inesquec\u00edveis. Localizadas na primeira linha da praia de Ofir &#8211; Esposende, entre pinhais e o Rio C\u00e1vado, o\u00a0Ofir White House\u00a0e o\u00a0Ofir Gold House, apresentam-se como espa\u00e7os singulares, [&hellip;]<\/p>\n","protected":false},"author":1,"featured_media":0,"parent":0,"menu_order":0,"comment_status":"closed","ping_status":"closed","template":"template\/template-homepage.php","meta":{"inline_featured_image":false,"_joinchat":[]},"_links":{"self":[{"href":"https:\/\/jp-houses.com\/pt\/wp-json\/wp\/v2\/pages\/493"}],"collection":[{"href":"https:\/\/jp-houses.com\/pt\/wp-json\/wp\/v2\/pages"}],"about":[{"href":"https:\/\/jp-houses.com\/pt\/wp-json\/wp\/v2\/types\/page"}],"author":[{"embeddable":true,"href":"https:\/\/jp-houses.com\/pt\/wp-json\/wp\/v2\/users\/1"}],"replies":[{"embeddable":true,"href":"https:\/\/jp-houses.com\/pt\/wp-json\/wp\/v2\/comments?post=493"}],"version-history":[{"count":1,"href":"https:\/\/jp-houses.com\/pt\/wp-json\/wp\/v2\/pages\/493\/revisions"}],"predecessor-version":[{"id":18608,"href":"https:\/\/jp-houses.com\/pt\/wp-json\/wp\/v2\/pages\/493\/revisions\/18608"}],"wp:attachment":[{"href":"https:\/\/jp-houses.com\/pt\/wp-json\/wp\/v2\/media?parent=493"}],"curies":[{"name":"wp","href":"https:\/\/api.w.org\/{rel}","templated":true}]}}